{"id":309,"date":"2020-10-01T12:02:01","date_gmt":"2020-10-01T10:02:01","guid":{"rendered":"http:\/\/mso-atelier.com\/?page_id=309"},"modified":"2025-10-10T18:28:02","modified_gmt":"2025-10-10T16:28:02","slug":"expo-event","status":"publish","type":"page","link":"https:\/\/mso-atelier.com\/index.php\/expo-event\/","title":{"rendered":"EXPOSITION(S)"},"content":{"rendered":"\n<div class=\"wp-container-1 wp-block-group\"><div class=\"wp-block-group__inner-container\">\n<p>BAAM Lorient  &#8211; Bande d&rsquo;Artistes &amp; Ateliers Mutualis\u00e9s \/ Collectif Lorient &amp; alentours.                                     J&rsquo;y expose avec une trentaine d&rsquo;artistes. Venez donc nous rendre visite!   <br>C&rsquo;est au 26 rue du G\u00e9n\u00e9ral Dubail 56100 LORIENT. Nous y organisons des expositions et des \u00e9v\u00e8nements.<br><a href=\"https:\/\/baam-lorient.com\/\" target=\"_blank\" rel=\"noreferrer noopener\">https:\/\/baam-lorient.com\/<\/a>                  instagram : baam.lorient                                                                                                                                <\/p>\n<\/div><\/div>\n\n\n\n<figure class=\"wp-block-gallery aligncenter has-nested-images columns-default is-cropped\">\n<figure class=\"wp-block-image size-large\"><a href=\"http:\/\/mso-atelier.com\/wp-content\/uploads\/2021\/04\/BAAM-vitrine.jpg\"><img loading=\"lazy\" width=\"1024\" height=\"379\" data-id=\"364\"  src=\"http:\/\/mso-atelier.com\/wp-content\/uploads\/2021\/04\/BAAM-vitrine-1024x379.jpg\" alt=\"\" class=\"wp-image-364\" srcset=\"https:\/\/mso-atelier.com\/wp-content\/uploads\/2021\/04\/BAAM-vitrine-1024x379.jpg 1024w, https:\/\/mso-atelier.com\/wp-content\/uploads\/2021\/04\/BAAM-vitrine-300x111.jpg 300w, https:\/\/mso-atelier.com\/wp-content\/uploads\/2021\/04\/BAAM-vitrine-768x284.jpg 768w, https:\/\/mso-atelier.com\/wp-content\/uploads\/2021\/04\/BAAM-vitrine.jpg 1354w\" sizes=\"(max-width: 1024px) 100vw, 1024px\" \/><\/a><\/figure>\n<\/figure>\n\n\n\n<p>March\u00e9s de cr\u00e9ation<\/p>\n\n\n\n<figure class=\"wp-block-gallery has-nested-images columns-default is-cropped\">\n<figure class=\"wp-block-image size-large is-style-default\"><img loading=\"lazy\" width=\"2560\" height=\"2560\" data-id=\"660\"  src=\"https:\/\/mso-atelier.com\/wp-content\/uploads\/2025\/10\/IMG_20250803_103516-edited-scaled.jpg\" alt=\"\" class=\"wp-image-660\" srcset=\"https:\/\/mso-atelier.com\/wp-content\/uploads\/2025\/10\/IMG_20250803_103516-edited-scaled.jpg 2560w, https:\/\/mso-atelier.com\/wp-content\/uploads\/2025\/10\/IMG_20250803_103516-edited-300x300.jpg 300w, https:\/\/mso-atelier.com\/wp-content\/uploads\/2025\/10\/IMG_20250803_103516-edited-1024x1024.jpg 1024w, https:\/\/mso-atelier.com\/wp-content\/uploads\/2025\/10\/IMG_20250803_103516-edited-150x150.jpg 150w, https:\/\/mso-atelier.com\/wp-content\/uploads\/2025\/10\/IMG_20250803_103516-edited-768x768.jpg 768w, https:\/\/mso-atelier.com\/wp-content\/uploads\/2025\/10\/IMG_20250803_103516-edited-1536x1536.jpg 1536w, https:\/\/mso-atelier.com\/wp-content\/uploads\/2025\/10\/IMG_20250803_103516-edited-2048x2048.jpg 2048w, https:\/\/mso-atelier.com\/wp-content\/uploads\/2025\/10\/IMG_20250803_103516-edited-640x640.jpg 640w, https:\/\/mso-atelier.com\/wp-content\/uploads\/2025\/10\/IMG_20250803_103516-edited-1200x1200.jpg 1200w\" sizes=\"(max-width: 2560px) 100vw, 2560px\" \/><\/figure>\n\n\n\n<figure class=\"wp-block-image size-large is-style-default\"><img loading=\"lazy\" width=\"1200\" height=\"1200\" data-id=\"665\"  src=\"https:\/\/mso-atelier.com\/wp-content\/uploads\/2025\/10\/MArche-ST-P-Quiberon-2025-edited.jpg\" alt=\"\" class=\"wp-image-665\" srcset=\"https:\/\/mso-atelier.com\/wp-content\/uploads\/2025\/10\/MArche-ST-P-Quiberon-2025-edited.jpg 1200w, https:\/\/mso-atelier.com\/wp-content\/uploads\/2025\/10\/MArche-ST-P-Quiberon-2025-edited-300x300.jpg 300w, https:\/\/mso-atelier.com\/wp-content\/uploads\/2025\/10\/MArche-ST-P-Quiberon-2025-edited-1024x1024.jpg 1024w, https:\/\/mso-atelier.com\/wp-content\/uploads\/2025\/10\/MArche-ST-P-Quiberon-2025-edited-150x150.jpg 150w, https:\/\/mso-atelier.com\/wp-content\/uploads\/2025\/10\/MArche-ST-P-Quiberon-2025-edited-768x768.jpg 768w, https:\/\/mso-atelier.com\/wp-content\/uploads\/2025\/10\/MArche-ST-P-Quiberon-2025-edited-640x640.jpg 640w\" sizes=\"(max-width: 1200px) 100vw, 1200px\" \/><\/figure>\n<\/figure>\n\n\n\n<p>Substrates 2023 \/ march\u00e9 d&rsquo;artistes \/ papier imprim\u00e9, petite s\u00e9rie, fanzine&#8230; <br>Pr\u00e9sentation de s\u00e9rigraphies, gravures et papeterie.<\/p>\n\n\n\n<figure class=\"wp-block-image size-large is-style-default\"><img loading=\"lazy\" width=\"1024\" height=\"661\" src=\"https:\/\/mso-atelier.com\/wp-content\/uploads\/2025\/10\/Capture-decran-2025-04-08-230700-1024x661.png\" alt=\"\" class=\"wp-image-658\" srcset=\"https:\/\/mso-atelier.com\/wp-content\/uploads\/2025\/10\/Capture-decran-2025-04-08-230700-1024x661.png 1024w, https:\/\/mso-atelier.com\/wp-content\/uploads\/2025\/10\/Capture-decran-2025-04-08-230700-300x194.png 300w, https:\/\/mso-atelier.com\/wp-content\/uploads\/2025\/10\/Capture-decran-2025-04-08-230700-768x496.png 768w, https:\/\/mso-atelier.com\/wp-content\/uploads\/2025\/10\/Capture-decran-2025-04-08-230700.png 1335w\" sizes=\"(max-width: 1024px) 100vw, 1024px\" \/><\/figure>\n\n\n\n<figure class=\"wp-block-gallery has-nested-images columns-default is-cropped\"><\/figure>\n\n\n\n<p>Expo F\u00eate de l&rsquo;estampe \u00e0 Kerroch, mai 2022.<\/p>\n\n\n\n<figure class=\"wp-block-image size-large\"><img loading=\"lazy\" width=\"1024\" height=\"768\" src=\"http:\/\/mso-atelier.com\/wp-content\/uploads\/2022\/09\/expo-kerroch-2022-1024x768.jpg\" alt=\"\" class=\"wp-image-480\" srcset=\"https:\/\/mso-atelier.com\/wp-content\/uploads\/2022\/09\/expo-kerroch-2022-1024x768.jpg 1024w, https:\/\/mso-atelier.com\/wp-content\/uploads\/2022\/09\/expo-kerroch-2022-300x225.jpg 300w, https:\/\/mso-atelier.com\/wp-content\/uploads\/2022\/09\/expo-kerroch-2022-768x576.jpg 768w, https:\/\/mso-atelier.com\/wp-content\/uploads\/2022\/09\/expo-kerroch-2022-1536x1152.jpg 1536w, https:\/\/mso-atelier.com\/wp-content\/uploads\/2022\/09\/expo-kerroch-2022-2048x1536.jpg 2048w\" sizes=\"(max-width: 1024px) 100vw, 1024px\" \/><\/figure>\n\n\n\n<p>Exposition code \u00d8 _ Lorient :<br>_ sept-nov 2019 : MSo &#8211; pr\u00e9sentation de s\u00e9rigraphies et gravures <br>_Avril 2023 : Mso &amp; Etienne Godier \u00ab\u00a0Pr\u00e9sences\u00a0\u00bb &#8211; photographies et s\u00e9rigraphies<br><\/p>\n\n\n\n<figure class=\"wp-block-gallery aligncenter has-nested-images columns-default is-cropped\">\n<figure class=\"wp-block-image size-full\"><a href=\"https:\/\/mso-atelier.com\/wp-content\/uploads\/2025\/04\/M_code-0-web-1_Bandeau-1.jpg\"><img loading=\"lazy\" width=\"1024\" height=\"468\" data-id=\"633\"  src=\"https:\/\/mso-atelier.com\/wp-content\/uploads\/2025\/04\/M_code-0-web-1_Bandeau-1.jpg\" alt=\"\" class=\"wp-image-633\" srcset=\"https:\/\/mso-atelier.com\/wp-content\/uploads\/2025\/04\/M_code-0-web-1_Bandeau-1.jpg 1024w, https:\/\/mso-atelier.com\/wp-content\/uploads\/2025\/04\/M_code-0-web-1_Bandeau-1-300x137.jpg 300w, https:\/\/mso-atelier.com\/wp-content\/uploads\/2025\/04\/M_code-0-web-1_Bandeau-1-768x351.jpg 768w\" sizes=\"(max-width: 1024px) 100vw, 1024px\" \/><\/a><\/figure>\n<\/figure>\n\n\n\n<p><\/p>\n\n\n\n<p>Substrates 1ere \u00e9dition_2018.Lanester. march\u00e9 d&rsquo;artistes \/ papier imprim\u00e9, petite s\u00e9rie, fanzine&#8230; Pr\u00e9sentation de s\u00e9rigraphies et de papeterie.<\/p>\n\n\n\n<p><\/p>\n\n\n\n<figure class=\"wp-block-gallery has-nested-images columns-default is-cropped\">\n<figure class=\"wp-block-image size-large\"><a href=\"http:\/\/mso-atelier.com\/wp-content\/uploads\/2020\/10\/SUBs_m.jpg\"><img loading=\"lazy\" width=\"1024\" height=\"497\" data-id=\"317\"  src=\"http:\/\/mso-atelier.com\/wp-content\/uploads\/2020\/10\/SUBs_m-1024x497.jpg\" alt=\"SUBSTRATES EXPO MICRO EDITION\" class=\"wp-image-317\" srcset=\"https:\/\/mso-atelier.com\/wp-content\/uploads\/2020\/10\/SUBs_m-1024x497.jpg 1024w, https:\/\/mso-atelier.com\/wp-content\/uploads\/2020\/10\/SUBs_m-300x146.jpg 300w, https:\/\/mso-atelier.com\/wp-content\/uploads\/2020\/10\/SUBs_m-768x373.jpg 768w, https:\/\/mso-atelier.com\/wp-content\/uploads\/2020\/10\/SUBs_m-1536x745.jpg 1536w, https:\/\/mso-atelier.com\/wp-content\/uploads\/2020\/10\/SUBs_m.jpg 1979w\" sizes=\"(max-width: 1024px) 100vw, 1024px\" \/><\/a><\/figure>\n<\/figure>\n\n\n\n<p><\/p>\n","protected":false},"excerpt":{"rendered":"<p>BAAM Lorient &#8211; Bande d&rsquo;Artistes &amp; Ateliers Mutualis\u00e9s \/ Collectif Lorient &amp; alentours. J&rsquo;y expose avec une trentaine d&rsquo;artistes. Venez donc nous rendre visite! C&rsquo;est au 26 rue du G\u00e9n\u00e9ral Dubail 56100 LORIENT. Nous y organisons des expositions et des \u00e9v\u00e8nements.https:\/\/baam-lorient.com\/ instagram : baam.lorient March\u00e9s de cr\u00e9ation Substrates 2023 \/ march\u00e9 d&rsquo;artistes \/ papier imprim\u00e9,<\/p>\n<p class=\"more-link-wrapper\"><a href=\"https:\/\/mso-atelier.com\/index.php\/expo-event\/\" class=\"more-link\">Continue Reading<span class=\"screen-reader-text\"> \u00ab\u00a0EXPOSITION(S)\u00a0\u00bb<\/span><\/a><\/p>\n","protected":false},"author":2,"featured_media":0,"parent":0,"menu_order":0,"comment_status":"closed","ping_status":"closed","template":"","meta":[],"yoast_head":"<!-- This site is optimized with the Yoast SEO plugin v14.9 - https:\/\/yoast.com\/wordpress\/plugins\/seo\/ -->\n<title>EXPOSITION(S) - Mso Atelier _ Marie Soriano<\/title>\n<meta name=\"robots\" content=\"index, follow, max-snippet:-1, max-image-preview:large, max-video-preview:-1\" \/>\n<link rel=\"canonical\" href=\"https:\/\/mso-atelier.com\/index.php\/expo-event\/\" \/>\n<meta property=\"og:locale\" content=\"fr_FR\" \/>\n<meta property=\"og:type\" content=\"article\" \/>\n<meta property=\"og:title\" content=\"EXPOSITION(S) - Mso Atelier _ Marie Soriano\" \/>\n<meta property=\"og:description\" content=\"BAAM Lorient &#8211; Bande d&rsquo;Artistes &amp; Ateliers Mutualis\u00e9s \/ Collectif Lorient &amp; alentours. J&rsquo;y expose avec une trentaine d&rsquo;artistes. Venez donc nous rendre visite! C&rsquo;est au 26 rue du G\u00e9n\u00e9ral Dubail 56100 LORIENT. Nous y organisons des expositions et des \u00e9v\u00e8nements.https:\/\/baam-lorient.com\/ instagram : baam.lorient March\u00e9s de cr\u00e9ation Substrates 2023 \/ march\u00e9 d&rsquo;artistes \/ papier imprim\u00e9,Continue Reading &quot;EXPOSITION(S)&quot;\" \/>\n<meta property=\"og:url\" content=\"https:\/\/mso-atelier.com\/index.php\/expo-event\/\" \/>\n<meta property=\"og:site_name\" content=\"Mso Atelier _ Marie Soriano\" \/>\n<meta property=\"article:modified_time\" content=\"2025-10-10T16:28:02+00:00\" \/>\n<meta property=\"og:image\" content=\"http:\/\/mso-atelier.com\/wp-content\/uploads\/2021\/04\/BAAM-vitrine-1024x379.jpg\" \/>\n<meta name=\"twitter:card\" content=\"summary_large_image\" \/>\n<script type=\"application\/ld+json\" class=\"yoast-schema-graph\">{\"@context\":\"https:\/\/schema.org\",\"@graph\":[{\"@type\":\"WebSite\",\"@id\":\"https:\/\/mso-atelier.com\/#website\",\"url\":\"https:\/\/mso-atelier.com\/\",\"name\":\"Mso Atelier _ Marie Soriano\",\"description\":\"Marie Soriano\",\"potentialAction\":[{\"@type\":\"SearchAction\",\"target\":\"https:\/\/mso-atelier.com\/?s={search_term_string}\",\"query-input\":\"required name=search_term_string\"}],\"inLanguage\":\"fr-FR\"},{\"@type\":\"ImageObject\",\"@id\":\"https:\/\/mso-atelier.com\/index.php\/expo-event\/#primaryimage\",\"inLanguage\":\"fr-FR\",\"url\":\"http:\/\/mso-atelier.com\/wp-content\/uploads\/2021\/04\/BAAM-vitrine-1024x379.jpg\"},{\"@type\":\"WebPage\",\"@id\":\"https:\/\/mso-atelier.com\/index.php\/expo-event\/#webpage\",\"url\":\"https:\/\/mso-atelier.com\/index.php\/expo-event\/\",\"name\":\"EXPOSITION(S) - Mso Atelier _ Marie Soriano\",\"isPartOf\":{\"@id\":\"https:\/\/mso-atelier.com\/#website\"},\"primaryImageOfPage\":{\"@id\":\"https:\/\/mso-atelier.com\/index.php\/expo-event\/#primaryimage\"},\"datePublished\":\"2020-10-01T10:02:01+00:00\",\"dateModified\":\"2025-10-10T16:28:02+00:00\",\"inLanguage\":\"fr-FR\",\"potentialAction\":[{\"@type\":\"ReadAction\",\"target\":[\"https:\/\/mso-atelier.com\/index.php\/expo-event\/\"]}]}]}<\/script>\n<!-- \/ Yoast SEO plugin. -->","_links":{"self":[{"href":"https:\/\/mso-atelier.com\/index.php\/wp-json\/wp\/v2\/pages\/309"}],"collection":[{"href":"https:\/\/mso-atelier.com\/index.php\/wp-json\/wp\/v2\/pages"}],"about":[{"href":"https:\/\/mso-atelier.com\/index.php\/wp-json\/wp\/v2\/types\/page"}],"author":[{"embeddable":true,"href":"https:\/\/mso-atelier.com\/index.php\/wp-json\/wp\/v2\/users\/2"}],"replies":[{"embeddable":true,"href":"https:\/\/mso-atelier.com\/index.php\/wp-json\/wp\/v2\/comments?post=309"}],"version-history":[{"count":25,"href":"https:\/\/mso-atelier.com\/index.php\/wp-json\/wp\/v2\/pages\/309\/revisions"}],"predecessor-version":[{"id":666,"href":"https:\/\/mso-atelier.com\/index.php\/wp-json\/wp\/v2\/pages\/309\/revisions\/666"}],"wp:attachment":[{"href":"https:\/\/mso-atelier.com\/index.php\/wp-json\/wp\/v2\/media?parent=309"}],"curies":[{"name":"wp","href":"https:\/\/api.w.org\/{rel}","templated":true}]}}