{"id":80,"date":"2020-09-07T18:47:24","date_gmt":"2020-09-07T16:47:24","guid":{"rendered":"http:\/\/mso-atelier.com\/?page_id=80"},"modified":"2026-02-09T19:45:40","modified_gmt":"2026-02-09T18:45:40","slug":"a-propos","status":"publish","type":"page","link":"https:\/\/mso-atelier.com\/index.php\/a-propos\/","title":{"rendered":"A PROPOS"},"content":{"rendered":"\n<figure class=\"wp-block-image size-large\"><img loading=\"lazy\" width=\"472\" height=\"321\" src=\"http:\/\/mso-atelier.com\/wp-content\/uploads\/2020\/09\/propos-blueLT.jpg\" alt=\"\" class=\"wp-image-158\" srcset=\"https:\/\/mso-atelier.com\/wp-content\/uploads\/2020\/09\/propos-blueLT.jpg 472w, https:\/\/mso-atelier.com\/wp-content\/uploads\/2020\/09\/propos-blueLT-300x204.jpg 300w\" sizes=\"(max-width: 472px) 100vw, 472px\" \/><\/figure>\n\n\n\n<p>Marie Soriano<\/p>\n\n\n\n<p>Arts graphiques \/\/ Techniques mixtes \/\/ Ateliers de cr\u00e9ation et d&rsquo;expression libre &#8230;<\/p>\n\n\n\n<p>Architecture \/\/ Sc\u00e9nographie \/\/ Mobilier \/\/ \u00c9ph\u00e9m\u00e8re \/\/ R\u00e9utilisation de mat\u00e9riaux &#8230;&#8230;.<\/p>\n\n\n\n<p>Instagram : mso_soriano<\/p>\n\n\n\n<p><a href=\"https:\/\/www.instagram.com\/mso_soriano\/\">https:\/\/www.instagram.com\/mso_soriano\/<\/a><\/p>\n","protected":false},"excerpt":{"rendered":"<p>Marie Soriano Arts graphiques \/\/ Techniques mixtes \/\/ Ateliers de cr\u00e9ation et d&rsquo;expression libre &#8230; Architecture \/\/ Sc\u00e9nographie \/\/ Mobilier \/\/ \u00c9ph\u00e9m\u00e8re \/\/ R\u00e9utilisation de mat\u00e9riaux &#8230;&#8230;. Instagram : mso_soriano https:\/\/www.instagram.com\/mso_soriano\/<\/p>\n","protected":false},"author":1,"featured_media":0,"parent":0,"menu_order":0,"comment_status":"closed","ping_status":"closed","template":"","meta":[],"yoast_head":"<!-- This site is optimized with the Yoast SEO plugin v14.9 - https:\/\/yoast.com\/wordpress\/plugins\/seo\/ -->\n<title>A PROPOS - Mso Atelier _ Marie Soriano<\/title>\n<meta name=\"robots\" content=\"index, follow, max-snippet:-1, max-image-preview:large, max-video-preview:-1\" \/>\n<link rel=\"canonical\" href=\"https:\/\/mso-atelier.com\/index.php\/a-propos\/\" \/>\n<meta property=\"og:locale\" content=\"fr_FR\" \/>\n<meta property=\"og:type\" content=\"article\" \/>\n<meta property=\"og:title\" content=\"A PROPOS - Mso Atelier _ Marie Soriano\" \/>\n<meta property=\"og:description\" content=\"Marie Soriano Arts graphiques \/\/ Techniques mixtes \/\/ Ateliers de cr\u00e9ation et d&rsquo;expression libre &#8230; Architecture \/\/ Sc\u00e9nographie \/\/ Mobilier \/\/ \u00c9ph\u00e9m\u00e8re \/\/ R\u00e9utilisation de mat\u00e9riaux &#8230;&#8230;. Instagram : mso_soriano https:\/\/www.instagram.com\/mso_soriano\/\" \/>\n<meta property=\"og:url\" content=\"https:\/\/mso-atelier.com\/index.php\/a-propos\/\" \/>\n<meta property=\"og:site_name\" content=\"Mso Atelier _ Marie Soriano\" \/>\n<meta property=\"article:modified_time\" content=\"2026-02-09T18:45:40+00:00\" \/>\n<meta property=\"og:image\" content=\"http:\/\/mso-atelier.com\/wp-content\/uploads\/2020\/09\/propos-blueLT.jpg\" \/>\n<meta name=\"twitter:card\" content=\"summary_large_image\" \/>\n<script type=\"application\/ld+json\" class=\"yoast-schema-graph\">{\"@context\":\"https:\/\/schema.org\",\"@graph\":[{\"@type\":\"WebSite\",\"@id\":\"https:\/\/mso-atelier.com\/#website\",\"url\":\"https:\/\/mso-atelier.com\/\",\"name\":\"Mso Atelier _ Marie Soriano\",\"description\":\"Marie Soriano\",\"potentialAction\":[{\"@type\":\"SearchAction\",\"target\":\"https:\/\/mso-atelier.com\/?s={search_term_string}\",\"query-input\":\"required name=search_term_string\"}],\"inLanguage\":\"fr-FR\"},{\"@type\":\"ImageObject\",\"@id\":\"https:\/\/mso-atelier.com\/index.php\/a-propos\/#primaryimage\",\"inLanguage\":\"fr-FR\",\"url\":\"http:\/\/mso-atelier.com\/wp-content\/uploads\/2020\/09\/propos-blueLT.jpg\"},{\"@type\":\"WebPage\",\"@id\":\"https:\/\/mso-atelier.com\/index.php\/a-propos\/#webpage\",\"url\":\"https:\/\/mso-atelier.com\/index.php\/a-propos\/\",\"name\":\"A PROPOS - Mso Atelier _ Marie Soriano\",\"isPartOf\":{\"@id\":\"https:\/\/mso-atelier.com\/#website\"},\"primaryImageOfPage\":{\"@id\":\"https:\/\/mso-atelier.com\/index.php\/a-propos\/#primaryimage\"},\"datePublished\":\"2020-09-07T16:47:24+00:00\",\"dateModified\":\"2026-02-09T18:45:40+00:00\",\"inLanguage\":\"fr-FR\",\"potentialAction\":[{\"@type\":\"ReadAction\",\"target\":[\"https:\/\/mso-atelier.com\/index.php\/a-propos\/\"]}]}]}<\/script>\n<!-- \/ Yoast SEO plugin. -->","_links":{"self":[{"href":"https:\/\/mso-atelier.com\/index.php\/wp-json\/wp\/v2\/pages\/80"}],"collection":[{"href":"https:\/\/mso-atelier.com\/index.php\/wp-json\/wp\/v2\/pages"}],"about":[{"href":"https:\/\/mso-atelier.com\/index.php\/wp-json\/wp\/v2\/types\/page"}],"author":[{"embeddable":true,"href":"https:\/\/mso-atelier.com\/index.php\/wp-json\/wp\/v2\/users\/1"}],"replies":[{"embeddable":true,"href":"https:\/\/mso-atelier.com\/index.php\/wp-json\/wp\/v2\/comments?post=80"}],"version-history":[{"count":5,"href":"https:\/\/mso-atelier.com\/index.php\/wp-json\/wp\/v2\/pages\/80\/revisions"}],"predecessor-version":[{"id":739,"href":"https:\/\/mso-atelier.com\/index.php\/wp-json\/wp\/v2\/pages\/80\/revisions\/739"}],"wp:attachment":[{"href":"https:\/\/mso-atelier.com\/index.php\/wp-json\/wp\/v2\/media?parent=80"}],"curies":[{"name":"wp","href":"https:\/\/api.w.org\/{rel}","templated":true}]}}